{"id":24,"date":"2025-12-30T21:06:44","date_gmt":"2025-12-30T21:06:44","guid":{"rendered":"http:\/\/antoinehinge.fr\/?page_id=24"},"modified":"2025-12-30T21:08:13","modified_gmt":"2025-12-30T21:08:13","slug":"biographie","status":"publish","type":"page","link":"https:\/\/antoinehinge.fr\/index.php\/biographie\/","title":{"rendered":"Biographie"},"content":{"rendered":"\n<p>Antoine HINGE est le verbicruciste hebdomadaire de Lib\u00e9ration depuis octobre 2025, o\u00f9 il a publi\u00e9 plus de 150 grilles \u00e0 ce jour.<\/p>\n","protected":false},"excerpt":{"rendered":"<p>Antoine HINGE est le verbicruciste hebdomadaire de Lib\u00e9ration depuis octobre 2025, o\u00f9 il a publi\u00e9 plus de 150 grilles \u00e0 ce jour.<\/p>\n","protected":false},"author":1,"featured_media":0,"parent":0,"menu_order":0,"comment_status":"closed","ping_status":"closed","template":"","meta":{"footnotes":""},"class_list":["post-24","page","type-page","status-publish","hentry"],"_links":{"self":[{"href":"https:\/\/antoinehinge.fr\/index.php\/wp-json\/wp\/v2\/pages\/24","targetHints":{"allow":["GET"]}}],"collection":[{"href":"https:\/\/antoinehinge.fr\/index.php\/wp-json\/wp\/v2\/pages"}],"about":[{"href":"https:\/\/antoinehinge.fr\/index.php\/wp-json\/wp\/v2\/types\/page"}],"author":[{"embeddable":true,"href":"https:\/\/antoinehinge.fr\/index.php\/wp-json\/wp\/v2\/users\/1"}],"replies":[{"embeddable":true,"href":"https:\/\/antoinehinge.fr\/index.php\/wp-json\/wp\/v2\/comments?post=24"}],"version-history":[{"count":2,"href":"https:\/\/antoinehinge.fr\/index.php\/wp-json\/wp\/v2\/pages\/24\/revisions"}],"predecessor-version":[{"id":26,"href":"https:\/\/antoinehinge.fr\/index.php\/wp-json\/wp\/v2\/pages\/24\/revisions\/26"}],"wp:attachment":[{"href":"https:\/\/antoinehinge.fr\/index.php\/wp-json\/wp\/v2\/media?parent=24"}],"curies":[{"name":"wp","href":"https:\/\/api.w.org\/{rel}","templated":true}]}}