{"id":2,"date":"2025-12-30T18:15:09","date_gmt":"2025-12-30T18:15:09","guid":{"rendered":"http:\/\/antoinehinge.fr\/?page_id=2"},"modified":"2025-12-31T10:22:55","modified_gmt":"2025-12-31T10:22:55","slug":"publications","status":"publish","type":"page","link":"https:\/\/antoinehinge.fr\/index.php\/publications\/","title":{"rendered":"Publications"},"content":{"rendered":"\n<p class=\"has-medium-font-size\"><strong>Mots crois\u00e9s<\/strong><\/p>\n\n\n\n<p>En auto\u00e9dition :<\/p>\n\n\n\n<ul class=\"wp-block-list\">\n<li><a href=\"http:\/\/casevide.fr\" data-type=\"link\" data-id=\"casevide.fr\">Case Vide (mai 2020 &#8211; octobre 2022)<\/a><\/li>\n<\/ul>\n\n\n\n<p>Pour la revue <em>Pays<\/em> :<\/p>\n\n\n\n<ul class=\"wp-block-list\">\n<li><a href=\"https:\/\/pays-revue.com\/paris-belleville\/\">Belleville (2022)<\/a><\/li>\n\n\n\n<li><a href=\"https:\/\/pays-revue.com\/les-ardennes\/\" data-type=\"link\" data-id=\"https:\/\/pays-revue.com\/les-ardennes\/\">Les Ardennes (2023, avec Ju Poulain)<\/a><\/li>\n\n\n\n<li><a href=\"https:\/\/pays-revue.com\/les-cevennes\/\" data-type=\"link\" data-id=\"https:\/\/pays-revue.com\/produit\/pays-les-cevennes\/\">Les C\u00e9vennes (2025)<\/a><\/li>\n<\/ul>\n\n\n\n<p>Pour <em>Lib\u00e9ration<\/em> (tous les week-ends) :<\/p>\n\n\n\n<ul class=\"wp-block-list\">\n<li>2022 : Grilles n\u00b01 \u00e0 14<\/li>\n\n\n\n<li>2023 : Grilles n\u00b015 \u00e0 66<\/li>\n\n\n\n<li>2024 : Grilles n\u00b067 \u00e0 118<\/li>\n\n\n\n<li>2025 : Grilles n\u00b0119 \u00e0 169<\/li>\n<\/ul>\n\n\n\n<p class=\"has-medium-font-size\"><strong>Mots fl\u00e9ch\u00e9s<\/strong><\/p>\n\n\n\n<p>Pour <em>Sumo<\/em> :<\/p>\n\n\n\n<ul class=\"wp-block-list\">\n<li><a href=\"https:\/\/www.editions-sulo.com\/products\/sumo-duo-3eme-edition\">Sumo Duo (2024, avec Ju Poulain)<\/a> &#8211; 13 grilles de mots fl\u00e9ch\u00e9s<\/li>\n<\/ul>\n","protected":false},"excerpt":{"rendered":"<p>Mots crois\u00e9s En auto\u00e9dition : Pour la revue Pays : Pour Lib\u00e9ration (tous les week-ends) : Mots fl\u00e9ch\u00e9s Pour Sumo :<\/p>\n","protected":false},"author":1,"featured_media":0,"parent":0,"menu_order":0,"comment_status":"closed","ping_status":"open","template":"","meta":{"footnotes":""},"class_list":["post-2","page","type-page","status-publish","hentry"],"_links":{"self":[{"href":"https:\/\/antoinehinge.fr\/index.php\/wp-json\/wp\/v2\/pages\/2","targetHints":{"allow":["GET"]}}],"collection":[{"href":"https:\/\/antoinehinge.fr\/index.php\/wp-json\/wp\/v2\/pages"}],"about":[{"href":"https:\/\/antoinehinge.fr\/index.php\/wp-json\/wp\/v2\/types\/page"}],"author":[{"embeddable":true,"href":"https:\/\/antoinehinge.fr\/index.php\/wp-json\/wp\/v2\/users\/1"}],"replies":[{"embeddable":true,"href":"https:\/\/antoinehinge.fr\/index.php\/wp-json\/wp\/v2\/comments?post=2"}],"version-history":[{"count":6,"href":"https:\/\/antoinehinge.fr\/index.php\/wp-json\/wp\/v2\/pages\/2\/revisions"}],"predecessor-version":[{"id":30,"href":"https:\/\/antoinehinge.fr\/index.php\/wp-json\/wp\/v2\/pages\/2\/revisions\/30"}],"wp:attachment":[{"href":"https:\/\/antoinehinge.fr\/index.php\/wp-json\/wp\/v2\/media?parent=2"}],"curies":[{"name":"wp","href":"https:\/\/api.w.org\/{rel}","templated":true}]}}